{"id":2,"date":"2018-03-21T11:19:57","date_gmt":"2018-03-21T10:19:57","guid":{"rendered":"https:\/\/www.gare-aux-gays.com\/blog\/?page_id=2"},"modified":"2025-12-17T14:28:31","modified_gmt":"2025-12-17T13:28:31","slug":"avis-temoignages","status":"publish","type":"page","link":"https:\/\/www.gare-aux-gays.com\/blog\/avis-temoignages","title":{"rendered":"Avis et T\u00e9moignages Gare aux Gays"},"content":{"rendered":"<p>Consultez nos avis et t\u00e9moignages laiss\u00e9s par <a href=\"https:\/\/www.gare-aux-gays.com\/recherche.php\">nos membres.<\/a><br \/>N&rsquo;h\u00e9sitez pas \u00e0 nous <a href=\"https:\/\/www.gare-aux-gays.com\/contact.php\">laisser votre avis<\/a> !<\/p>\n<blockquote>\n<p><strong>25\/11\/2024<\/strong><br \/><em>Mille merci au cr\u00e9ateur de la gareauxgays votre site est formidable !<\/em><\/p>\n<\/blockquote>\n<blockquote>\n<p><strong>13\/10\/2023<\/strong><br \/><em>Depuis que je suis sur le site je m&rsquo;\u00e9clate&#8230; Merci \u00e0 toute l&rsquo;\u00e9quipe&#8230;biz a tous<\/em><\/p>\n<\/blockquote>\n<blockquote>\n<p><strong>23\/05\/2023<\/strong><br \/><em>Bonjour a toute l&rsquo;\u00e9quipe gareauxgays mon abonnement vient d&rsquo;\u00eatre reconduit et j&rsquo;en suis heureux \ud83d\ude42<br \/>j&rsquo;en profite pour vous dire que j&rsquo;appr\u00e9cie votre site , y a rien a redire \ud83d\ude09<br \/>bonne continuation et bravo pour votre travail , je like !<\/em><\/p>\n<\/blockquote>\n<blockquote>\n<p><strong>11\/03\/2023<\/strong><br \/><em>Super site de rencontre c&rsquo;est facile et tranquille je le recommande vivement pour la tenue des adh\u00e9rents.<\/em><\/p>\n<\/blockquote>\n<blockquote>\n<p><strong>17\/08\/2022<\/strong><br \/><em>Merci Gareauxgays. Je pense avoir trouv\u00e9 l\u2019\u00e2me s\u0153ur gr\u00e2ce \u00e0 vous. Et si par hasard ce n\u2019\u00e9tait pas le cas, je n\u2019h\u00e9siterai pas \u00e0 revenir vers vous. Encore merci, et bonne chance \u00e0 tous vos abonnes !<\/em><\/p>\n<\/blockquote>\n<blockquote>\n<p><strong>12\/08\/2022<\/strong><br \/><em>Ce site est trop g\u00e9nial et les personnes sont agr\u00e9ables&#8230;<\/em><\/p>\n<\/blockquote>\n<blockquote>\n<p><strong>08\/08\/2022<\/strong><br \/><em>Bonjour ! Bravo pour votre site. Il est vraiment cool et je l\u2019utilise tous les jours \ud83d\ude42 mais probl\u00e8me syst\u00e9matique VRAIMENT lassant : les smileys ne sont pas reconnus. Lorsqu&rsquo;on envoie un message avec smiley, il faut le retaper ENTIEREMENT en utilisant \u00ab\u00a0\ud83d\ude42\u00a0\u00bb par exemple. <\/em><br \/><em>Autre probl\u00e8me al\u00e9atoire (que je rencontre en ce moment m\u00eame) : le correcteur automatique n\u00b4est pas utilisable. pour info, jai un iPhone 11 pro. <\/em><br \/><em>merci pour votre retour et bonne journ\u00e9e ! \ud83d\ude42<\/em><br \/><em>Marc.<\/em><\/p>\n<ul>\n<li><strong>R\u00e9ponse Gare aux Gays : <\/strong><em>Merci pour votre retour ! Nous avons bien pris en compte votre retour concernant les smileys, nous l&rsquo;int\u00e8grerons lors d&rsquo;une prochaine mise \u00e0 jour ! Pour ce qui est du correcteur automatique, nous ne savons pas d&rsquo;o\u00f9 le probl\u00e8me peu venir&#8230;<\/em><\/li>\n<\/ul>\n<\/blockquote>\n<blockquote>\n<p><strong>02\/06\/2022<\/strong><br \/><em>Grace a G\/G&#8230;le bonheur s&rsquo;est pr\u00e9sent\u00e9 &amp; nos 2 c\u0153urs\u00a0li\u00e9s lors de notre rencontre. MERCI<\/em><\/p>\n<\/blockquote>\n<blockquote>\n<p><strong>04\/04\/2022<\/strong><br \/><em>Bonjour \u00e0 tous!<\/em><br \/><em>J&rsquo;ai quitt\u00e9 quelques jours le site, mais je suis revenu aussit\u00f4t&#8230;c&rsquo;est ici que j&rsquo;ai eu la chance d&rsquo;avoir le plus de discussions sympas et la possibilit\u00e9 de faire des rencontres agr\u00e9ables&#8230;bien \u00e9videmment, il faut s\u00e9lectionner comme partout ailleurs, j&rsquo;ai profit\u00e9 de ce retour pour tester la formule premium sur 1 mois et je renouvelle sans h\u00e9siter&#8230;je ne saurait que trop vous la conseiller&#8230;\u00e7a permet en plus de voir quels sont les personnes vraiment int\u00e9ress\u00e9es par une relation autre que virtuelle !! bonne chance \u00e0 tous dans votre recherche.<\/em><\/p>\n<\/blockquote>\n<blockquote>\n<p><strong>04\/04\/2022<br \/><\/strong><em>Je viens de supprimer mon compte pour des raisons personnelles. je n&rsquo;ai rien contre ce site j&rsquo;y ai fait de belles rencontres mais maintenant je m&rsquo;estime trop \u00e2g\u00e9. Je tourne une page et vous remercie pour tous ce que vous m&rsquo;avez apport\u00e9.<\/em><br \/><em>Cordialement.<\/em><\/p>\n<\/blockquote>\n<blockquote>\n<p><strong>20\/03\/2022<\/strong><br \/><em>Cette nouvelle fonctionnalit\u00e9 Premium absolument top. Merci bcp.<\/em><\/p>\n<\/blockquote>\n<blockquote>\n<p><strong>23\/11\/2021<\/strong><br \/><em>Je vous remercie \u00e9norm\u00e9ment pour tout ce continuer \u00e0 faire fonctionner ce site merveilleux.<\/em><\/p>\n<\/blockquote>\n<blockquote>\n<p><strong>08\/11\/2021<\/strong><br \/><em>Ce site m&rsquo;a permis aujourd&rsquo;hui de faire une merveilleuse rencontre et de combler mes attentes. <\/em><em>Merci !<\/em><\/p>\n<\/blockquote>\n<blockquote>\n<p><strong>26\/10\/2021<\/strong><br \/><em>Merci \u00e0 toute l \u00e9quipe\u00a0pour le site et le respect de leur engagement 100% gratuit<\/em><\/p>\n<\/blockquote>\n<blockquote>\n<p><strong>03\/08\/2021<\/strong><br \/><em>F\u00e9licitation aussi votre site est top !<\/em><\/p>\n<\/blockquote>\n<blockquote>\n<p><strong>03\/08\/2021<br \/><\/strong><em>Tout va bien et je suis plus que satisfait de ce site tr\u00e8s bien organis\u00e9. Je poserai une nouvelle annonce lorsque j&rsquo;aurai une nouvelle adresse !<\/em><\/p>\n<\/blockquote>\n<blockquote>\n<p><strong>03\/06\/2021<br \/><\/strong><em>Je viens de quitter le site et vous me sollicitez pour un t\u00e9moignage du ressenti. <\/em><em>Je quitte le site pour raison personnelle et je tiens \u00e0 vous t\u00e9moigner ma satisfaction pour le s\u00e9rieux de votre organisation. Je vous en remercie&#8230;<\/em><\/p>\n<\/blockquote>\n<blockquote>\n<p><strong>28\/04\/2021<br \/><\/strong><em>J&rsquo;adore votre site gratuit plein de rencontres je suis tr\u00e8s satisfait ne changez rien, tout est ok surtout la surveillance que vous faites face au usurpateurs cool continuez comme \u00e7a.<\/em><\/p>\n<\/blockquote>\n<blockquote>\n<p><strong>23\/04\/2021<br \/><\/strong><em>Un grand merci aux tr\u00e8s belles rencontres que j&rsquo;ai pu faire gr\u00e2ce \u00e0 votre site. Des bons moments sexuels pour le novice que j&rsquo;\u00e9tais mais aussi des amis maintenant.<\/em><\/p>\n<\/blockquote>\n<blockquote>\n<p><strong>28\/02\/2021<br \/><\/strong><em>Bonsoir&#8230; enfin un site recherch\u00e9 depuis longtemps. Contacts agr\u00e9ables, ai pu \u00ab\u00a0enfin\u00a0\u00bb concr\u00e9tiser en rencontrant ici un ami&#8230; esp\u00e8re cette relation suivie. Au plaisir<\/em><\/p>\n<\/blockquote>\n<blockquote>\n<p><strong>03\/02\/2021<\/strong><em><br \/>Bonjour,\u00a0 Simple message de remerciements avant de supprimer mon compte, car j\u2019ai trouv\u00e9 mon bonheur gr\u00e2ce \u00e0 une belle rencontre sur ce site gratuit et convivial ! Ne changez rien, car la formule est top !<br \/>J\u2019ai mis plusieurs ann\u00e9es \u00e0 le trouver, mais j\u2019ai d\u00e9nich\u00e9 la perle rare, un merveilleux compagnon avec qui je d\u00e9bute une belle relation. Vous avez fait deux heureux ! Merci et bonne continuation !<br \/><\/em><\/p>\n<\/blockquote>\n<blockquote>\n<p><strong>12\/10\/2020<\/strong><em><br \/>Merci, gr\u00e2ce \u00e0 vous et \u00e0 ce site bien fait, j&rsquo;ai rencontr\u00e9 le mec que je cherche depuis des ann\u00e9es, milles merci \u00e0 Gare aux Gays !!!<br \/><\/em><\/p>\n<\/blockquote>\n<blockquote>\n<p><strong>05\/09\/2020<\/strong><em><br \/>&#8230; Ai fait quelques rencontres. Rien de sp\u00e9cial a signaler. Ai eu quelques r\u00e9elles rencontres sans probl\u00e8me. Je tourne la page. Seul regret, pas de suivi. Rencontres \u00e9ph\u00e9m\u00e8res. Bien sinc\u00e8rement a vous.<br \/><\/em><\/p>\n<\/blockquote>\n<blockquote>\n<p><strong>03\/09\/2020<\/strong><em><br \/>Enfin, un site qui semble diversifi\u00e9, peut-\u00eatre un peu difficile d&rsquo;utilisation au d\u00e9but car tr\u00e8s riche mais qui gagne \u00e0 \u00eatre connu&#8230;.J&rsquo;esp\u00e8re que beaucoup d&rsquo;utilisateurs sauront appr\u00e9cier la d\u00e9ontologie, la d\u00e9marche \u00e0 la fois polyvalente du site qui concerne toute orientation sexuelle et que le site saura d\u00e9tecter les personnes usurpatrices d&rsquo;identit\u00e9&#8230;BRAVO \u00e0 gare-aux-gays !<\/em><\/p>\n<\/blockquote>\n<blockquote>\n<p><strong>03\/09\/2020<\/strong><em><br \/>Depuis peu sur ce le site je trouve enfin un site fonctionnel et pratique pour des rencontres proches de chez moi.merci \u00e0 vous !<br \/><\/em><\/p>\n<\/blockquote>\n<blockquote>\n<p><strong>26\/07\/2020<\/strong><em><br \/>Bonjour, <\/em><em>Un petit message pour vous f\u00e9liciter et vous remercier pour ce site. Il est tr\u00e8s bien. Si j&rsquo;ai ferm\u00e9 mon compte, ce n&rsquo;est pas parce que je ne suis pas satisfait, au contraire, j&rsquo;ai trouv\u00e9 ce que je cherchais gr\u00e2ce \u00e0 vous.<\/em><br \/><em>Donc, encore merci et bravo !<\/em><\/p>\n<\/blockquote>\n<blockquote>\n<p><strong>29\/06\/2020<\/strong><em><br \/><\/em><em>Merci \u00e0 votre site, inscrit r\u00e9cemment et d\u00e9j\u00e0 trouv\u00e9 la personne qui me convient; encore un grand merci !<br \/><\/em><\/p>\n<\/blockquote>\n<blockquote>\n<p><strong>05\/05\/2020<\/strong><em><br \/>Bonjour !<\/em><br \/><em>Je tiens \u00e0 vous remercier pour l&rsquo; existence de ce site, j&rsquo;y ai mis mon profil durant le confinement, ce qui m&rsquo;a aid\u00e9 et m&rsquo;aide encore durant cette p\u00e9riode pesante, vivant seul. Je fais des rencontres \u00e9tonnantes et inattendues qui me permettent de prendre conscience qu&rsquo;\u00e0 mon age mon profil int\u00e9resse encore. L\u00e0 je suis en contact avec deux hommes, un avec qui j&rsquo;\u00e9change par cam avec des moments tr\u00e8s agr\u00e9able et un autre avec lequel je fais connaissance par dial, on devrait se rencontrer prochainement pour vivre une belle aventure forte, en tout cas je l&rsquo;esp\u00e8re !<\/em><br \/><em>Merci \u00e0 toute l&rsquo;\u00e9quipe du site<\/em><\/p>\n<\/blockquote>\n<blockquote>\n<p><strong>01\/05\/2020<br \/><\/strong><em>Site tr\u00e8s agr\u00e9able et facile \u00e0 utiliser, rencontres et partages avec de belles personnes, merci de votre r\u00e9activit\u00e9 pour supprimer les membres frauduleux qui n&rsquo;ont rien \u00e0 faire ici!!<\/em><br \/><em>Longue vie \u00e0 votre site.<\/em><br \/><em>ERIC<\/em><\/p>\n<\/blockquote>\n<blockquote>\n<p><strong>15\/04\/2020<br \/><\/strong><em>Trouv\u00e9 mon bonheur merci, bisous<\/em><\/p>\n<\/blockquote>\n<blockquote>\n<p><strong>05\/02\/2020<br \/><\/strong><em>Merci G aux G..qui a permis de rencontrer un AMI &amp; nouer une sinc\u00e8re amiti\u00e9 Gay.<\/em><\/p>\n<\/blockquote>\n<blockquote>\n<p><strong>28\/01\/2020<br \/><\/strong><em>Bonjour. <\/em><em>Clair mais complet,le site est vraiment agr\u00e9able d&rsquo;utilisation&#8230;j&rsquo;y ai fait trouv\u00e9 quelques contacts , avec des gens sympas, courtois ,avec qui le dialogue permet de mieux se connaitre; ce n&rsquo;est pas toujours le cas h\u00e9las&#8230; je me demande si pour faire une rencontre de fa\u00e7on sure, l&rsquo;option du site payant n&rsquo;est pas la meilleure solution&#8230;?<\/em><\/p>\n<\/blockquote>\n<blockquote>\n<p><strong>20\/01\/2020<br \/><\/strong><em>Bonjour. J&rsquo;aime beaucoup ce site malgr\u00e9 les mythos. J&rsquo;ai rencontr\u00e9 de belles personnes. Bonne continuation et encore merci. H.<\/em><\/p>\n<\/blockquote>\n<blockquote>\n<p><strong>16\/01\/2020<br \/><\/strong><em>Bonjour je vous remercie pour ce site, je peux faire des rencontres avec des hommes qui aiment la m\u00eame chose que moi. Je vous remercie encore mille fois et meilleurs v\u0153ux bonne ann\u00e9e \u00e0 tous !<\/em><\/p>\n<\/blockquote>\n<blockquote>\n<p><strong>04\/12\/2019<br \/><\/strong><em>Merci pour ce site gratuit. Messagerie instantan\u00e9e tr\u00e8s bien . Bravo <br \/>Bises \u00e0 toute l \u00e9quipe.<\/em><\/p>\n<\/blockquote>\n<blockquote>\n<p><strong>24\/11\/2019<br \/><\/strong><em>Bonjour, j&rsquo;ai pris plaisir d\u2019\u00eatre sur votre site qui est un site de contact tr\u00e8s facile et agr\u00e9able&#8230;<\/em><br \/><em>je souhaite longue continuation \u00e0 votre site.<\/em><\/p>\n<\/blockquote>\n<blockquote>\n<p><strong>02\/10\/2019<br \/><\/strong><em>Bonjour et encore merci pour ce site , j\u2019ai pas fait beaucoup de rencontre , surtout pas mal de mytho ( comme partout ). Mais gr\u00e2ce \u00e0 votre site j\u2019esp\u00e8re rencontrer mon id\u00e9al. Merci encore votre travail est super, bon courage !<\/em><\/p>\n<\/blockquote>\n<blockquote>\n<p><strong>06\/09\/2019<br \/><\/strong><em>Bonjour votre site m&rsquo;a \u00e9t\u00e9 agr\u00e9able et efficace. Oui j ai trouv\u00e9 la personne qui convenait \u00e0 mes crit\u00e8res de recherche ou je suis actuellement en couple au plaisir un jour de vous revoir mais j&rsquo;esp\u00e8re pas merci pour tout !<\/em><\/p>\n<\/blockquote>\n<blockquote>\n<p><strong>17\/08\/2019<br \/><\/strong><em>Tr\u00e8s bon site avec dans l&rsquo;ensemble des personnes respectueuses. Bravo a toute l\u2019\u00e9quipe.<\/em><\/p>\n<\/blockquote>\n<blockquote>\n<p><strong>03\/08\/2019<br \/><\/strong><em>Bravo le site est facile d&rsquo;utilisation ,clair , j&rsquo;aime beaucoup !<\/em><\/p>\n<\/blockquote>\n<blockquote>\n<p><strong>30\/07\/2019<br \/><\/strong><em>Site extr\u00eamement recommandable a mon gout , a satisfait toutes mes attentes. F\u00e9licitations au staff !<br \/><\/em><\/p>\n<\/blockquote>\n<blockquote>\n<p><strong>26\/07\/2019<br \/><\/strong><em>Je tiens \u00e0 dire que ce site est un bon site. <\/em><em>C&rsquo;est Gratuit et on peut trouver son bonheur. <\/em><em>Il y a des membres mytho (comme de partout) mais d&rsquo;autres qui assurent un max. <\/em><em>Bravo !<\/em><\/p>\n<\/blockquote>\n<blockquote>\n<p><strong>02\/07\/2019<br \/><\/strong><em>Bonjour, votre site est vraiment super, j&rsquo;ai \u00e9t\u00e9 tr\u00e8s content de tous ces services. Bonne continuation.<\/em><\/p>\n<\/blockquote>\n<blockquote>\n<p><strong>30\/06\/2019<br \/><\/strong><em>Gr\u00e2ce \u00e0 vous j&rsquo;ai fais de tr\u00e8s belles rencontres, des hommes s\u00e9rieux et gentils&#8230; Mais beaucoup de mythos quand m\u00eame&#8230; Soyez vigilent&#8230; Bises tendre \u00e0 toutes et tous ! <\/em><\/p>\n<\/blockquote>\n<blockquote>\n<p><strong>04\/06\/2019<br \/><\/strong><em>Bonjour, Merci pour ce site gratuit, c\u2019est vraiment sympa.<\/em><br \/><em>Une suggestion, pourriez-vous envisager d\u2019afficher la date de derni\u00e8re connexion de chaque profil, comme cela se fait \u00e0 peu pr\u00e8s partout sur d\u2019autres sites, svp ? Il est inutile d\u2019envoyer des messages \u00e0 des gens qui ne fr\u00e9quentent plus le site.<\/em><\/p>\n<ul>\n<li><strong>R\u00e9ponse Gare aux Gays : <\/strong><em>Bonjour, merci pour votre commentaire. Il n&rsquo;est pas inutile d&rsquo;envoyer un message \u00e0 des membres qui ne se connectent plus depuis longtemps car ils re\u00e7oivent alors un email et sont donc averti qu&rsquo;un nouveau message les attend sur Gare aux Gays &#8230; il ne leur reste plus qu&rsquo;\u00e0 retourner sur le site&#8230; Nous avons bien pris en compte votre demande.<\/em><\/li>\n<\/ul>\n<\/blockquote>\n<blockquote>\n<p><strong>17\/05\/2019<br \/><\/strong><em>Bonjour , inscrite depuis quelques jours sur le Site je peaufine petit \u00e0 petit mon Profil et j\u2019avoue que le Site est tr\u00e8s bien !<\/em><\/p>\n<\/blockquote>\n<blockquote>\n<p><strong>10\/05\/2019<br \/><\/strong><em>Bonjour, merci tout d abord pour votre site qui est gratuit! Ma question, lorsque je mets des photos en mode priv\u00e9, elles restent accessibles , sans autorisation ; comment puis faire pour les rendre vraiment priv\u00e9es et accessibles avec mon autorisation, svp<\/em><br \/><em>Merci<\/em><\/p>\n<ul>\n<li><strong><strong>R\u00e9ponse Gare aux Gays : <\/strong><\/strong><em>Bonjour, vos photos priv\u00e9s ne sont pas visibles des autres membres \u00e0 moins d&rsquo;accepter le partage. Mais vous vous pouvez les voir quand vous \u00eates connect\u00e9. Pour faire un test, d\u00e9connectez vous et allez sur votre fiche, vous verrez alors que vos photos ne sont pas visibles.<\/em><\/li>\n<\/ul>\n<\/blockquote>\n<blockquote>\n<p><strong>30\/04\/2019<br \/><\/strong><em>Bonjour, <\/em><em>Merci pour ce site gratuit, c&rsquo;est vraiment sympa.<\/em><br \/><em>Une suggestion, pourriez-vous envisager d&rsquo;afficher la date de derni\u00e8re connexion de chaque profil, comme cela se fait \u00e0 peu pr\u00e8s partout sur d&rsquo;autres sites, svp ? <\/em><em>Il est inutile d&rsquo;envoyer des messages \u00e0 des gens qui ne fr\u00e9quentent plus le site.<\/em><br \/><em>Qu&rsquo;en pensez-vous ?<\/em><\/p>\n<ul>\n<li><strong>R\u00e9ponse Gare aux Gays : <\/strong><em>Bonjour, Merci d&rsquo;avoir pris le temps de nous laisser un t\u00e9moignage \ud83d\ude42 Nous allons int\u00e9grer cette fonctionnalit\u00e9 dans une prochaine mise \u00e0 jours. Bonne journ\u00e9e.<\/em><\/li>\n<\/ul>\n<\/blockquote>\n<blockquote>\n<p><strong>23\/04\/2019<br \/><\/strong><em>Merci merci merci j ai trouv\u00e9 gr\u00e2ce a votre site l amour d\u00e9sir\u00e9. Entre nous une osmose parfaite, une \u00e9volution saine au point de commencer a avoir de fort sentiments pour lui. Merci encore&#8230;.<\/em><\/p>\n<\/blockquote>\n<blockquote>\n<p><strong>09\/04\/2019<\/strong><br \/><em>Bonjour, j&rsquo;ai trouv\u00e9 quelqu&rsquo;un pour l&rsquo;instant, si \u00e7\u00e0 ne marche pas, je reviendrai volontiers \u00e0 GARE AUX GAYS qui est super ! je vous remercie d&rsquo;exister, et vous avez toute ma confiance !<\/em><br \/><em>Tr\u00e8s respectueuses salutations \u00e0 toute l&rsquo;\u00e9quipe<\/em><\/p>\n<\/blockquote>\n<blockquote>\n<p><strong>01\/04\/2019<\/strong><br \/><em>Je voudrais remercier toute votre \u00e9quipe pour le travail apport\u00e9 \u00e0 votre site Web tr\u00e8s pratique d&rsquo;utilisation et \u00e0 la suite de \u00e7a j&rsquo;ai rencontr\u00e9 la bonne personne qui me comble de bonheur aujourd&rsquo;hui. Je vous remercie tr\u00e8s chaleureusement votre \u00e9quipe !<\/em><\/p>\n<\/blockquote>\n<blockquote>\n<p><strong>29\/03\/2019<\/strong><br \/><em>Merci pour votre site, nouveau membre depuis peu je viens de faire une rencontre qui m&rsquo;a boulevers\u00e9, envi de le revoir sans mod\u00e9ration&#8230;<\/em><\/p>\n<\/blockquote>\n<blockquote>\n<p><strong>18\/03\/2019<\/strong><br \/><em>Bonjour , merci beaucoup pour votre r\u00e9activit\u00e9 , votre investissement et votre retour pour un site 100% gratuit c&rsquo;est totalement incroyable !<\/em><br \/><em>Gros big up \u00e0 toute l&rsquo;\u00e9quipe (si vous \u00eates plusieurs) ! Bon courage et encore merci !! ?<\/em><\/p>\n<\/blockquote>\n<blockquote>\n<p><strong>13\/03\/2019<br \/><\/strong>J&rsquo;ai \u00e9norm\u00e9ment ador\u00e9 votre site pour sa discr\u00e9tion et son accessibilit\u00e9 !<\/p>\n<\/blockquote>\n<blockquote>\n<p><strong>13\/03\/2019<br \/><\/strong><em>Bonsoir Messieurs. Je tiens tout partii\u00e8rement \u00e0 vous f\u00e9liciter pour la tenue impeccable de ce merveilleux site, et donc je suis admiratif en ce qui concerne votre travail car en plus ce site est gratuit.<\/em><\/p>\n<\/blockquote>\n<blockquote>\n<p><strong>12\/03\/2019<br \/><\/strong><em>Bonjour, j&rsquo;utilise votre site que je trouve tr\u00e8s bien dans son fonctionnement et surtout tr\u00e8s simple d&rsquo;utilisation !<\/em><\/p>\n<\/blockquote>\n<blockquote>\n<p><strong>31\/01\/2019<br \/><\/strong><em>Bravo ! Enfin un site fonctionnel, engageant, \u00e0 la fois exhaustif et minimaliste\u2026 et surtout GRATUIT \u00e0 100%, qui ne fait pas rimer \u00ab\u00a0orgiaque\u00a0\u00bb avec \u00ab\u00a0arnaque\u00a0\u00bb. Car nul n&rsquo;est oblig\u00e9 de d\u00e9cliner son pedigree psycho-socio-turel de A \u00e0 Z, avec 100 questions et sous-questions \u00e0 la cl\u00e9, comme pour une enqu\u00eate de la Sofres, avec sans cesse aussi profil refus\u00e9, photos censur\u00e9es \u2026 le tout, pour un pr\u00e9l\u00e8vement mensuel de rigueur. Meetic n&rsquo;a plus qu&rsquo;\u00e0 aller se rhabiller ! Bref, je me sens cool ici et en confiance, vraiment \u00ab\u00a0entre nous\u00a0\u00bb. Pour le reste, \u00e9tant exigeant, s\u00e9lectif et\u2026 r\u00e9serv\u00e9, je n&rsquo;ai pas encore pu finaliser ma recherche. Mais d&rsquo;ores et d\u00e9j\u00e0 je vous dis bravo bis et merci \u2014 PS. Si je deviens accro au site, est-ce grave, docteur ?<\/em><\/p>\n<\/blockquote>\n<blockquote>\n<p><strong>24\/01\/2019<br \/><\/strong><em>Merci \u00e0 vous ! Gr\u00e2ce \u00e0 ce site, j&rsquo;ai fait de belles rencontres ; ce qui m&rsquo;a permis de mieux me conna\u00eetre. Bisous<\/em><\/p>\n<\/blockquote>\n<blockquote>\n<p><strong>20\/01\/2019<br \/><\/strong><em>Bonjour et merci \u00e0 toute l&rsquo;\u00e9quipe qui a eut la tr\u00e8s bonne id\u00e9e de mettre en place ce site. Simple d&rsquo;utilisation. Diff\u00e9rents acc\u00e8s simples. Maintenant reste \u00e0 savoir si les membres seront s\u00e9rieux. Mais \u00e7a vous y \u00eates pour rien. Merci&#8230;<\/em><\/p>\n<\/blockquote>\n<blockquote>\n<p><strong>05\/01\/2019<br \/><\/strong><em>Bravo et merci pour cet acc\u00e8s, simple, sans limite de fric, et avec parfois des rencontres sympas, de tout horizon, bon 2019 !<\/em><\/p>\n<\/blockquote>\n<blockquote>\n<p><strong>17\/12\/2018<br \/><\/strong><em>Merci beaucoup gr\u00e2ce \u00e0 vous j ai trouve pour l instant ce que je cherchais continuez comme cela !<\/em><\/p>\n<\/blockquote>\n<blockquote>\n<p><strong>31\/10\/2018<br \/><\/strong><em>Bonjour, <\/em><br \/><em>Votre site est g\u00e9nial vraiment tr\u00e8s au point, ergonomique, pratique \u00e0 utiliser j\u2019adore il permet de nous mettre en relations avec n\u2019importe qui comme un r\u00e9seau social j\u2019adore<\/em><br \/><em>Cependant j\u2019aurais une petite suggestion pour vous ! Pourquoi ne pas cr\u00e9e une application pour mobile ce serait vraiment tr\u00e8s utile pour les gens comme moi qui viennent depuis leur t\u00e9l\u00e9phone <\/em><br \/><em>\u00c7a \u00e9viterais de faire la recherche sur le navigateur, de ce connecter ect&#8230; <\/em><br \/><em>Merci, j\u2019esp\u00e8re que mon message vous aura \u00e9t\u00e9 utile <\/em><br \/><em>Cordialement<\/em><\/p>\n<\/blockquote>\n<blockquote>\n<p><strong>14\/09\/2018<br \/><\/strong><em>Gr\u00e2ce au site j&rsquo;ai fait de superbes rencontres \u00e0 souhait! Dommage que tout le monde ne lise pas les annonces correctement. Lorsque l&rsquo;on n&rsquo;est pas dans les clous, inutile de r\u00e9pondre \u00e0 une annonce! Cela ferait gagner du temps \u00e0 tout le monde!!! <\/em><strong><br \/><\/strong><\/p>\n<\/blockquote>\n<blockquote>\n<p><strong>13\/09\/2018<\/strong><br \/><em>Je voudrais juste faire un remerciement \u00e0 tous ceux impliqu\u00e9s dans le fonctionnement de ce site. depuis que j&rsquo;ai commenc\u00e9 \u00e0 communiquer avec certains profils, j&rsquo;ai fait pas mal de rencontres et parmi toutes celles ci quelques une magnifiques qui ont chang\u00e9 ma vie en profondeur(\u2026.) s\u00e9rieusement j&rsquo;ai retrouv\u00e9 un \u00e9quilibre qui me manquait et m&#8217;emp\u00each\u00e9 de m&rsquo;\u00e9panouir Je vous remercie donc et souhaite et esp\u00e8re que votre site perdurera longtemps et fera beaucoup d&rsquo;heureux comme moi. Merci<\/em><\/p>\n<\/blockquote>\n<blockquote>\n<p><strong>02\/08\/2018<\/strong><br \/><em>le site est tr\u00e8s\u00a0bien , dommage que les gens connect\u00e9s ne r\u00e9pondent jamais , m\u00eame par la n\u00e9gative. La politesse a disparu , dommage&#8230;<\/em><\/p>\n<\/blockquote>\n<blockquote>\n<p><strong>24\/05\/2018<\/strong><br \/><em>Je vais quitter le site car j&rsquo;ai trouv\u00e9 ce que cherche, mais pas ici. N\u00e9anmoins je tenais \u00e0 vous remercier et vous f\u00e9liciter pour l&rsquo;accueil convivial, pratique et rapide que vous offrez sur votre site, ainsi que toutes les facilit\u00e9s qui y sont attach\u00e9es. A condition de faire le tri et d&rsquo;\u00eatre un peu s\u00e9lectif, on y fait de fort charmantes rencontres que j&rsquo;ai appr\u00e9ci\u00e9es. A une autre fois peut-\u00eatre&#8230;Bien \u00e0 vous &#8211; Jacques<\/em><\/p>\n<\/blockquote>\n<blockquote>\n<p><strong>14\/03\/2017<\/strong><br \/><em>Bonjour<\/em><br \/><em> Merci pour le site mais la j ai rencontr\u00e9 une personne Super et depuis une semaine c est le top et \u00e7a gr\u00e2ce au site merci beaucoup !<\/em><\/p>\n<\/blockquote>\n<a href=\"https:\/\/www.gare-aux-gays.com\/contact.php\" class=\"sc-button sc-button-blue sc-button-medium\"><span>Ajouter un avis<\/span><\/a>\n\n\n<p><\/p>\n","protected":false},"excerpt":{"rendered":"<p>Consultez nos avis et t\u00e9moignages laiss\u00e9s par nos membres.N&rsquo;h\u00e9sitez pas \u00e0 nous laisser votre avis ! 25\/11\/2024Mille merci au cr\u00e9ateur de la gareauxgays votre site est formidable ! 13\/10\/2023Depuis que je suis sur le site je m&rsquo;\u00e9clate&#8230; Merci \u00e0 toute l&rsquo;\u00e9quipe&#8230;biz a tous 23\/05\/2023Bonjour a toute l&rsquo;\u00e9quipe gareauxgays mon abonnement vient d&rsquo;\u00eatre reconduit et j&rsquo;en<\/p>\n","protected":false},"author":1,"featured_media":754,"parent":0,"menu_order":0,"comment_status":"closed","ping_status":"closed","template":"","meta":{"footnotes":""},"class_list":["post-2","page","type-page","status-publish","has-post-thumbnail"],"_links":{"self":[{"href":"https:\/\/www.gare-aux-gays.com\/blog\/wp-json\/wp\/v2\/pages\/2","targetHints":{"allow":["GET"]}}],"collection":[{"href":"https:\/\/www.gare-aux-gays.com\/blog\/wp-json\/wp\/v2\/pages"}],"about":[{"href":"https:\/\/www.gare-aux-gays.com\/blog\/wp-json\/wp\/v2\/types\/page"}],"author":[{"embeddable":true,"href":"https:\/\/www.gare-aux-gays.com\/blog\/wp-json\/wp\/v2\/users\/1"}],"replies":[{"embeddable":true,"href":"https:\/\/www.gare-aux-gays.com\/blog\/wp-json\/wp\/v2\/comments?post=2"}],"version-history":[{"count":85,"href":"https:\/\/www.gare-aux-gays.com\/blog\/wp-json\/wp\/v2\/pages\/2\/revisions"}],"predecessor-version":[{"id":1572,"href":"https:\/\/www.gare-aux-gays.com\/blog\/wp-json\/wp\/v2\/pages\/2\/revisions\/1572"}],"wp:featuredmedia":[{"embeddable":true,"href":"https:\/\/www.gare-aux-gays.com\/blog\/wp-json\/wp\/v2\/media\/754"}],"wp:attachment":[{"href":"https:\/\/www.gare-aux-gays.com\/blog\/wp-json\/wp\/v2\/media?parent=2"}],"curies":[{"name":"wp","href":"https:\/\/api.w.org\/{rel}","templated":true}]}}